{"id":681,"date":"2024-04-24T10:50:21","date_gmt":"2024-04-24T10:50:21","guid":{"rendered":"https:\/\/gragg.me\/projects\/ecobus\/?page_id=681"},"modified":"2024-05-03T12:55:41","modified_gmt":"2024-05-03T12:55:41","slug":"uf","status":"publish","type":"page","link":"https:\/\/gragg.me\/projects\/ecobus\/uf\/","title":{"rendered":"Utaz\u00e1si felt\u00e9telek"},"content":{"rendered":"<div class=\"wpb-content-wrapper\"><p>[vc_row css=&#8221;.vc_custom_1714740968048{padding-top: 10% !important;}&#8221;][vc_column][vc_column_text]<\/p>\r\n<h2 class=\"wp-block-heading has-text-align-center\" style=\"text-align: center;\"><strong>Utaz\u00e1si felt\u00e9telek<\/strong><\/h2>\r\n<p>&nbsp;<\/p>\r\n<p>\u00a0<\/p>\r\n\r\n<p style=\"text-align: center;\"><strong>Az elektromos nyitott buszokon t\u00f6rt\u00e9n\u0151 utaz\u00e1s sor\u00e1n:<\/strong><\/p>\r\n<p>&nbsp;<\/p>\r\n<p class=\"has-text-align-center\"><\/p>\r\n<p>Az ecobus szolg\u00e1ltat\u00e1s\u00e1t kiz\u00e1r\u00f3lag \u00e9rv\u00e9nyes jeggyel lehet ig\u00e9nybe venni, melyet a buszvezet\u0151k az utaz\u00e1s megkezd\u00e9se el\u0151tt vagy az utaz\u00e1s sor\u00e1n ellen\u0151riznek.<\/p>\r\n<p class=\"has-text-align-center\"><\/p>\r\n<p>A jegy megv\u00e1s\u00e1rl\u00e1s\u00e1val egyidej\u0171leg, \u00d6n\u00f6k elfogadj\u00e1k \u00a0\u00e9s k\u00f6telez\u0151 \u00e9rv\u00e9ny\u0171nek tekintik az al\u00e1bbi utaz\u00e1si felt\u00e9teleket. Azok az utasok, akik megszegik a felt\u00e9telek valamelyik\u00e9t, kiz\u00e1rhat\u00f3ak az utaz\u00e1sb\u00f3l.<\/p>\r\n<p class=\"has-text-align-center\"><\/p>\r\n<p>14 \u00e9v alatti gyermekek csak feln\u0151tt k\u00eds\u00e9ret\u00e9ben utazhatnak a j\u00e1rm\u0171veinken.<\/p>\r\n<p class=\"has-text-align-center\"><\/p>\r\n<p>3 \u00e9ves kor alatti gyermekek sz\u00e1m\u00e1ra az utaz\u00e1s ingyenes.<\/p>\r\n<p class=\"has-text-align-center\"><\/p>\r\n<p>3-14 \u00e9ves kor k\u00f6z\u00f6tti gyermekek r\u00e9sz\u00e9re gyermekjegy v\u00e1s\u00e1rolhat\u00f3.<\/p>\r\n<p class=\"has-text-align-center\"><\/p>\r\n<p>14 \u00e9ves kor felett m\u00e1r feln\u0151ttjegy v\u00e1s\u00e1rl\u00e1sa sz\u00fcks\u00e9ges.<\/p>\r\n<p class=\"has-text-align-center\"><\/p>\r\n<p>Az utaz\u00e1s biztons\u00e1g\u00e1nak \u00e9rdek\u00e9ben minden 14 \u00e9v alatti gyermek sz\u00e1m\u00e1ra a biztons\u00e1gi \u00f6v haszn\u00e1lata k\u00f6telez\u0151 az utaz\u00e1s teljes id\u0151tartama alatt.<\/p>\r\n<p class=\"has-text-align-center\"><\/p>\r\n<p>Fontos tudni, hogy a biztons\u00e1gi \u00f6v elmulaszt\u00e1s\u00e1b\u00f3l bek\u00f6vetkezett baleset nem terheli a buszvezet\u0151t, \u00e9s nem r\u00f3 felel\u0151ss\u00e9get c\u00e9g\u00fcnkre.<\/p>\r\n<p class=\"has-text-align-center\"><\/p>\r\n<p>Az utaz\u00e1s teljes ideje alatt maradjanak a hely\u00fck\u00f6n, ne \u00e1lljanak fel, mert ez nagym\u00e9rt\u00e9kben n\u00f6veli a balesetvesz\u00e9lyt.<\/p>\r\n<p class=\"has-text-align-center\"><\/p>\r\n<p>K\u00e9r\u00fcnk mindenkit, hogy az utaz\u00e1s sor\u00e1n tarts\u00e1k tiszteletben utast\u00e1rsaikat, ne zavarj\u00e1k nyugalmukat!<\/p>\r\n<p class=\"has-text-align-center\"><\/p>\r\n<p>Tilos b\u00e1rmilyen k\u00e1rt okozni az elektromos buszokban \u00e9s berendez\u00e9seikben! Azok az utasok, akik megszegik a szab\u00e1lyt, anyagi felel\u0151ss\u00e9gre vonhat\u00f3ak, \u00e9s kiz\u00e1rhat\u00f3ak az ecobus szolg\u00e1ltat\u00e1saib\u00f3l.<\/p>\r\n<p class=\"has-text-align-center\"><\/p>\r\n<p>Az elektromos buszokon \u00e9tel, ital \u00e9s alkohol fogyaszt\u00e1sa tilos!<br \/>Kiz\u00e1r\u00f3lag j\u00f3zan \u00e9s tudatm\u00f3dos\u00edt\u00f3 hat\u00e1sok alatt nem \u00e1ll\u00f3 szem\u00e9lyek utazhatnak buszainkon.<\/p>\r\n<p class=\"has-text-align-center\"><\/p>\r\n<p>\u0150rizz\u00e9k meg a j\u00e1rm\u0171 tisztas\u00e1g\u00e1t, ne hagyjanak h\u00e1tra szemetet sem a buszon, sem a meg\u00e1ll\u00f3kban! Haszn\u00e1lj\u00e1k a rendelkez\u00e9sre \u00e1ll\u00f3 hullad\u00e9kgy\u0171jt\u0151ket!<\/p>\r\n<p class=\"has-text-align-center\"><\/p>\r\n<p>A doh\u00e1nyz\u00e1s tilos a buszokon \u00e9s a meg\u00e1ll\u00f3kban is! K\u00e9r\u00fcnk mindenkit, hogy tarts\u00e1k tiszteletben a nemdoh\u00e1nyz\u00f3kat \u00e9s a k\u00f6rnyezet v\u00e9delm\u00e9t!<\/p>\r\n<p class=\"has-text-align-center\"><\/p>\r\n<p>A buszainkra semmilyen \u00e1llat nem hozhat\u00f3 fel!<\/p>\r\n<p class=\"has-text-align-center\"><\/p>\r\n<p>A j\u00e1rm\u0171veinken nagym\u00e9ret\u0171 poggy\u00e1szok, ker\u00e9kp\u00e1rok, rollerek, g\u00f6rdeszk\u00e1k sz\u00e1ll\u00edt\u00e1sa tilos!<\/p>\r\n<p class=\"has-text-align-center\"><\/p>\r\n<p>A tal\u00e1lt vagy elvesztett t\u00e1rgyakkal kapcsolatosan t\u00e1j\u00e9koztat\u00e1st kaphatnak az ecobus vezet\u0151j\u00e9n\u00e9l vagy a k\u00f6vetkez\u0151 telefonsz\u00e1mon: +36 70 585 9900.<\/p>\r\n<p>&nbsp;<\/p>\r\n<p>&nbsp;<\/p>\r\n<p class=\"has-text-align-center\"><\/p>\r\n<p>\u00a0<\/p>\r\n\r\n<p class=\"has-text-align-center\" style=\"text-align: center;\">K\u00f6sz\u00f6nj\u00fck meg\u00e9rt\u00e9s\u00fcket \u00e9s egy\u00fcttm\u0171k\u00f6d\u00e9s\u00fcket!<\/p>\r\n<p class=\"has-text-align-center\" style=\"text-align: center;\"><\/p>\r\n\r\n<p class=\"has-text-align-center\" style=\"text-align: center;\">Az <strong>ecobus<\/strong> csapata<\/p>\r\n<p>&nbsp;<\/p>\r\n<p>&nbsp;<\/p>\r\n<p class=\"has-text-align-center\"><\/p>\r\n<p>[\/vc_column_text][\/vc_column][\/vc_row]<\/p><\/div>","protected":false},"excerpt":{"rendered":"<p>[vc_row css=&#8221;.vc_custom_1714740968048{padding-top: 10% !important;}&#8221;][vc_column][vc_column_text] Utaz\u00e1si felt\u00e9telek &nbsp; \u00a0 Az elektromos nyitott buszokon t\u00f6rt\u00e9n\u0151 utaz\u00e1s sor\u00e1n: &nbsp; Az ecobus szolg\u00e1ltat\u00e1s\u00e1t kiz\u00e1r\u00f3lag \u00e9rv\u00e9nyes jeggyel lehet ig\u00e9nybe venni, melyet a buszvezet\u0151k az utaz\u00e1s megkezd\u00e9se el\u0151tt vagy az utaz\u00e1s sor\u00e1n ellen\u0151riznek. A jegy megv\u00e1s\u00e1rl\u00e1s\u00e1val egyidej\u0171leg, \u00d6n\u00f6k elfogadj\u00e1k \u00a0\u00e9s k\u00f6telez\u0151 \u00e9rv\u00e9ny\u0171nek tekintik az al\u00e1bbi utaz\u00e1si felt\u00e9teleket. Azok az utasok, akik&hellip;<\/p>\n","protected":false},"author":1,"featured_media":0,"parent":0,"menu_order":0,"comment_status":"closed","ping_status":"closed","template":"","meta":{"_acf_changed":false,"inline_featured_image":false,"footnotes":""},"class_list":["post-681","page","type-page","status-publish","hentry"],"acf":[],"yoast_head":"<!-- This site is optimized with the Yoast SEO plugin v26.8 - https:\/\/yoast.com\/product\/yoast-seo-wordpress\/ -->\n<title>Utaz\u00e1si felt\u00e9telek - ecobus<\/title>\n<meta name=\"robots\" content=\"index, follow, max-snippet:-1, max-image-preview:large, max-video-preview:-1\" \/>\n<link rel=\"canonical\" href=\"https:\/\/gragg.me\/projects\/ecobus\/uf\/\" \/>\n<meta property=\"og:locale\" content=\"en_US\" \/>\n<meta property=\"og:type\" content=\"article\" \/>\n<meta property=\"og:title\" content=\"Utaz\u00e1si felt\u00e9telek - ecobus\" \/>\n<meta property=\"og:description\" content=\"[vc_row css=&#8221;.vc_custom_1714740968048{padding-top: 10% !important;}&#8221;][vc_column][vc_column_text] Utaz\u00e1si felt\u00e9telek &nbsp; \u00a0 Az elektromos nyitott buszokon t\u00f6rt\u00e9n\u0151 utaz\u00e1s sor\u00e1n: &nbsp; Az ecobus szolg\u00e1ltat\u00e1s\u00e1t kiz\u00e1r\u00f3lag \u00e9rv\u00e9nyes jeggyel lehet ig\u00e9nybe venni, melyet a buszvezet\u0151k az utaz\u00e1s megkezd\u00e9se el\u0151tt vagy az utaz\u00e1s sor\u00e1n ellen\u0151riznek. A jegy megv\u00e1s\u00e1rl\u00e1s\u00e1val egyidej\u0171leg, \u00d6n\u00f6k elfogadj\u00e1k \u00a0\u00e9s k\u00f6telez\u0151 \u00e9rv\u00e9ny\u0171nek tekintik az al\u00e1bbi utaz\u00e1si felt\u00e9teleket. Azok az utasok, akik&hellip;\" \/>\n<meta property=\"og:url\" content=\"https:\/\/gragg.me\/projects\/ecobus\/uf\/\" \/>\n<meta property=\"og:site_name\" content=\"ecobus\" \/>\n<meta property=\"article:publisher\" content=\"https:\/\/www.facebook.com\/ecobus.hu\" \/>\n<meta property=\"article:modified_time\" content=\"2024-05-03T12:55:41+00:00\" \/>\n<meta property=\"og:image\" content=\"https:\/\/gragg.me\/projects\/ecobus\/wp-content\/uploads\/2024\/04\/ecobus_og.png\" \/>\n\t<meta property=\"og:image:width\" content=\"1200\" \/>\n\t<meta property=\"og:image:height\" content=\"630\" \/>\n\t<meta property=\"og:image:type\" content=\"image\/png\" \/>\n<meta name=\"twitter:card\" content=\"summary_large_image\" \/>\n<meta name=\"twitter:label1\" content=\"Est. reading time\" \/>\n\t<meta name=\"twitter:data1\" content=\"2 minutes\" \/>\n<script type=\"application\/ld+json\" class=\"yoast-schema-graph\">{\"@context\":\"https:\/\/schema.org\",\"@graph\":[{\"@type\":\"WebPage\",\"@id\":\"https:\/\/gragg.me\/projects\/ecobus\/uf\/\",\"url\":\"https:\/\/gragg.me\/projects\/ecobus\/uf\/\",\"name\":\"Utaz\u00e1si felt\u00e9telek - ecobus\",\"isPartOf\":{\"@id\":\"https:\/\/gragg.me\/projects\/ecobus\/#website\"},\"datePublished\":\"2024-04-24T10:50:21+00:00\",\"dateModified\":\"2024-05-03T12:55:41+00:00\",\"breadcrumb\":{\"@id\":\"https:\/\/gragg.me\/projects\/ecobus\/uf\/#breadcrumb\"},\"inLanguage\":\"en-US\",\"potentialAction\":[{\"@type\":\"ReadAction\",\"target\":[\"https:\/\/gragg.me\/projects\/ecobus\/uf\/\"]}]},{\"@type\":\"BreadcrumbList\",\"@id\":\"https:\/\/gragg.me\/projects\/ecobus\/uf\/#breadcrumb\",\"itemListElement\":[{\"@type\":\"ListItem\",\"position\":1,\"name\":\"Home\",\"item\":\"https:\/\/gragg.me\/projects\/ecobus\/\"},{\"@type\":\"ListItem\",\"position\":2,\"name\":\"Utaz\u00e1si felt\u00e9telek\"}]},{\"@type\":\"WebSite\",\"@id\":\"https:\/\/gragg.me\/projects\/ecobus\/#website\",\"url\":\"https:\/\/gragg.me\/projects\/ecobus\/\",\"name\":\"ecobus\",\"description\":\"Menetrend szerinti j\u00e1rat Dobog\u00f3k\u0151r\u0151l\",\"publisher\":{\"@id\":\"https:\/\/gragg.me\/projects\/ecobus\/#organization\"},\"alternateName\":\"ecobus\",\"potentialAction\":[{\"@type\":\"SearchAction\",\"target\":{\"@type\":\"EntryPoint\",\"urlTemplate\":\"https:\/\/gragg.me\/projects\/ecobus\/?s={search_term_string}\"},\"query-input\":{\"@type\":\"PropertyValueSpecification\",\"valueRequired\":true,\"valueName\":\"search_term_string\"}}],\"inLanguage\":\"en-US\"},{\"@type\":\"Organization\",\"@id\":\"https:\/\/gragg.me\/projects\/ecobus\/#organization\",\"name\":\"ecobus\",\"url\":\"https:\/\/gragg.me\/projects\/ecobus\/\",\"logo\":{\"@type\":\"ImageObject\",\"inLanguage\":\"en-US\",\"@id\":\"https:\/\/gragg.me\/projects\/ecobus\/#\/schema\/logo\/image\/\",\"url\":\"https:\/\/gragg.me\/projects\/ecobus\/wp-content\/uploads\/2023\/12\/ecobus_logo.svg\",\"contentUrl\":\"https:\/\/gragg.me\/projects\/ecobus\/wp-content\/uploads\/2023\/12\/ecobus_logo.svg\",\"width\":901,\"height\":241,\"caption\":\"ecobus\"},\"image\":{\"@id\":\"https:\/\/gragg.me\/projects\/ecobus\/#\/schema\/logo\/image\/\"},\"sameAs\":[\"https:\/\/www.facebook.com\/ecobus.hu\"]}]}<\/script>\n<!-- \/ Yoast SEO plugin. -->","yoast_head_json":{"title":"Utaz\u00e1si felt\u00e9telek - ecobus","robots":{"index":"index","follow":"follow","max-snippet":"max-snippet:-1","max-image-preview":"max-image-preview:large","max-video-preview":"max-video-preview:-1"},"canonical":"https:\/\/gragg.me\/projects\/ecobus\/uf\/","og_locale":"en_US","og_type":"article","og_title":"Utaz\u00e1si felt\u00e9telek - ecobus","og_description":"[vc_row css=&#8221;.vc_custom_1714740968048{padding-top: 10% !important;}&#8221;][vc_column][vc_column_text] Utaz\u00e1si felt\u00e9telek &nbsp; \u00a0 Az elektromos nyitott buszokon t\u00f6rt\u00e9n\u0151 utaz\u00e1s sor\u00e1n: &nbsp; Az ecobus szolg\u00e1ltat\u00e1s\u00e1t kiz\u00e1r\u00f3lag \u00e9rv\u00e9nyes jeggyel lehet ig\u00e9nybe venni, melyet a buszvezet\u0151k az utaz\u00e1s megkezd\u00e9se el\u0151tt vagy az utaz\u00e1s sor\u00e1n ellen\u0151riznek. A jegy megv\u00e1s\u00e1rl\u00e1s\u00e1val egyidej\u0171leg, \u00d6n\u00f6k elfogadj\u00e1k \u00a0\u00e9s k\u00f6telez\u0151 \u00e9rv\u00e9ny\u0171nek tekintik az al\u00e1bbi utaz\u00e1si felt\u00e9teleket. Azok az utasok, akik&hellip;","og_url":"https:\/\/gragg.me\/projects\/ecobus\/uf\/","og_site_name":"ecobus","article_publisher":"https:\/\/www.facebook.com\/ecobus.hu","article_modified_time":"2024-05-03T12:55:41+00:00","og_image":[{"width":1200,"height":630,"url":"https:\/\/gragg.me\/projects\/ecobus\/wp-content\/uploads\/2024\/04\/ecobus_og.png","type":"image\/png"}],"twitter_card":"summary_large_image","twitter_misc":{"Est. reading time":"2 minutes"},"schema":{"@context":"https:\/\/schema.org","@graph":[{"@type":"WebPage","@id":"https:\/\/gragg.me\/projects\/ecobus\/uf\/","url":"https:\/\/gragg.me\/projects\/ecobus\/uf\/","name":"Utaz\u00e1si felt\u00e9telek - ecobus","isPartOf":{"@id":"https:\/\/gragg.me\/projects\/ecobus\/#website"},"datePublished":"2024-04-24T10:50:21+00:00","dateModified":"2024-05-03T12:55:41+00:00","breadcrumb":{"@id":"https:\/\/gragg.me\/projects\/ecobus\/uf\/#breadcrumb"},"inLanguage":"en-US","potentialAction":[{"@type":"ReadAction","target":["https:\/\/gragg.me\/projects\/ecobus\/uf\/"]}]},{"@type":"BreadcrumbList","@id":"https:\/\/gragg.me\/projects\/ecobus\/uf\/#breadcrumb","itemListElement":[{"@type":"ListItem","position":1,"name":"Home","item":"https:\/\/gragg.me\/projects\/ecobus\/"},{"@type":"ListItem","position":2,"name":"Utaz\u00e1si felt\u00e9telek"}]},{"@type":"WebSite","@id":"https:\/\/gragg.me\/projects\/ecobus\/#website","url":"https:\/\/gragg.me\/projects\/ecobus\/","name":"ecobus","description":"Menetrend szerinti j\u00e1rat Dobog\u00f3k\u0151r\u0151l","publisher":{"@id":"https:\/\/gragg.me\/projects\/ecobus\/#organization"},"alternateName":"ecobus","potentialAction":[{"@type":"SearchAction","target":{"@type":"EntryPoint","urlTemplate":"https:\/\/gragg.me\/projects\/ecobus\/?s={search_term_string}"},"query-input":{"@type":"PropertyValueSpecification","valueRequired":true,"valueName":"search_term_string"}}],"inLanguage":"en-US"},{"@type":"Organization","@id":"https:\/\/gragg.me\/projects\/ecobus\/#organization","name":"ecobus","url":"https:\/\/gragg.me\/projects\/ecobus\/","logo":{"@type":"ImageObject","inLanguage":"en-US","@id":"https:\/\/gragg.me\/projects\/ecobus\/#\/schema\/logo\/image\/","url":"https:\/\/gragg.me\/projects\/ecobus\/wp-content\/uploads\/2023\/12\/ecobus_logo.svg","contentUrl":"https:\/\/gragg.me\/projects\/ecobus\/wp-content\/uploads\/2023\/12\/ecobus_logo.svg","width":901,"height":241,"caption":"ecobus"},"image":{"@id":"https:\/\/gragg.me\/projects\/ecobus\/#\/schema\/logo\/image\/"},"sameAs":["https:\/\/www.facebook.com\/ecobus.hu"]}]}},"_links":{"self":[{"href":"https:\/\/gragg.me\/projects\/ecobus\/wp-json\/wp\/v2\/pages\/681","targetHints":{"allow":["GET"]}}],"collection":[{"href":"https:\/\/gragg.me\/projects\/ecobus\/wp-json\/wp\/v2\/pages"}],"about":[{"href":"https:\/\/gragg.me\/projects\/ecobus\/wp-json\/wp\/v2\/types\/page"}],"author":[{"embeddable":true,"href":"https:\/\/gragg.me\/projects\/ecobus\/wp-json\/wp\/v2\/users\/1"}],"replies":[{"embeddable":true,"href":"https:\/\/gragg.me\/projects\/ecobus\/wp-json\/wp\/v2\/comments?post=681"}],"version-history":[{"count":12,"href":"https:\/\/gragg.me\/projects\/ecobus\/wp-json\/wp\/v2\/pages\/681\/revisions"}],"predecessor-version":[{"id":711,"href":"https:\/\/gragg.me\/projects\/ecobus\/wp-json\/wp\/v2\/pages\/681\/revisions\/711"}],"wp:attachment":[{"href":"https:\/\/gragg.me\/projects\/ecobus\/wp-json\/wp\/v2\/media?parent=681"}],"curies":[{"name":"wp","href":"https:\/\/api.w.org\/{rel}","templated":true}]}}