{"id":743,"date":"2024-08-12T11:47:18","date_gmt":"2024-08-12T11:47:18","guid":{"rendered":"https:\/\/gragg.me\/projects\/ecobus\/?page_id=743"},"modified":"2024-08-12T11:47:56","modified_gmt":"2024-08-12T11:47:56","slug":"impresszum","status":"publish","type":"page","link":"https:\/\/gragg.me\/projects\/ecobus\/impresszum\/","title":{"rendered":"Impresszum"},"content":{"rendered":"<div class=\"wpb-content-wrapper\"><p>[vc_row css=&#8221;.vc_custom_1714740968048{padding-top: 10% !important;}&#8221;][vc_column][vc_column_text]<\/p>\r\n<h2 class=\"wp-block-heading has-text-align-center\" style=\"text-align: center;\"><strong>Impresszum<\/strong><\/h2>\r\n<p>&nbsp;<\/p>\r\n\r\n<p>&nbsp;<\/p>\r\n\r\n<p class=\"has-text-align-center\"><\/p>\r\n<p style=\"text-align: center;\">Szolg\u00e1ltat\u00f3: ROB-ID Solution Kft.<br \/>Nyilv\u00e1ntart\u00f3 szerv: F\u0151v\u00e1rosi T\u00f6rv\u00e9nysz\u00e9k C\u00e9gb\u00edr\u00f3s\u00e1ga<br \/>Ad\u00f3sz\u00e1m: 27491591-2-41<br \/>C\u00e9gjegyz\u00e9ksz\u00e1m: 01-09-392272<br \/>Szolg\u00e1ltat\u00f3 sz\u00e9khelye: 1033 Budapest, H\u00e9v\u00edzi \u00fat 9. 1. lh\u00e1z. 3. em. 4. ajt\u00f3<br \/>Banksz\u00e1mla: 11742087-24280062-00000000<br \/>Sz\u00e1mlavezet\u0151 bank: OTP Bank Nyrt.<br \/>Szolg\u00e1ltat\u00f3i telefon: +36 70 677 3122<br \/>Szolg\u00e1ltat\u00f3i e-mail: <span data-email-protect=\"tqdkfmhvBiockn0eqo\"><\/span><br \/>T\u00e1rhely szolg\u00e1ltat\u00f3 neve, sz\u00e9khelye: Rackhost Zrt 6722 Szeged Tisza Lajos k\u00f6r\u00fat 41.<\/p>\r\n<p>&nbsp;<\/p>\r\n<p>&nbsp;<\/p>\r\n<p class=\"has-text-align-center\"><!-- \/wp:post-content --><\/p>\r\n<p>[\/vc_column_text][\/vc_column][\/vc_row]<\/p><\/div>","protected":false},"excerpt":{"rendered":"<p>[vc_row css=&#8221;.vc_custom_1714740968048{padding-top: 10% !important;}&#8221;][vc_column][vc_column_text] Impresszum &nbsp; &nbsp; Szolg\u00e1ltat\u00f3: ROB-ID Solution Kft.Nyilv\u00e1ntart\u00f3 szerv: F\u0151v\u00e1rosi T\u00f6rv\u00e9nysz\u00e9k C\u00e9gb\u00edr\u00f3s\u00e1gaAd\u00f3sz\u00e1m: 27491591-2-41C\u00e9gjegyz\u00e9ksz\u00e1m: 01-09-392272Szolg\u00e1ltat\u00f3 sz\u00e9khelye: 1033 Budapest, H\u00e9v\u00edzi \u00fat 9. 1. lh\u00e1z. 3. em. 4. ajt\u00f3Banksz\u00e1mla: 11742087-24280062-00000000Sz\u00e1mlavezet\u0151 bank: OTP Bank Nyrt.Szolg\u00e1ltat\u00f3i telefon: +36 70 677 3122Szolg\u00e1ltat\u00f3i e-mail: T\u00e1rhely szolg\u00e1ltat\u00f3 neve, sz\u00e9khelye: Rackhost Zrt 6722 Szeged Tisza Lajos k\u00f6r\u00fat 41. &nbsp; &nbsp; [\/vc_column_text][\/vc_column][\/vc_row]<\/p>\n","protected":false},"author":1,"featured_media":0,"parent":0,"menu_order":0,"comment_status":"closed","ping_status":"closed","template":"","meta":{"_acf_changed":false,"inline_featured_image":false,"footnotes":""},"class_list":["post-743","page","type-page","status-publish","hentry"],"acf":[],"yoast_head":"<!-- This site is optimized with the Yoast SEO plugin v26.8 - https:\/\/yoast.com\/product\/yoast-seo-wordpress\/ -->\n<title>Impresszum - ecobus<\/title>\n<meta name=\"robots\" content=\"index, follow, max-snippet:-1, max-image-preview:large, max-video-preview:-1\" \/>\n<link rel=\"canonical\" href=\"https:\/\/gragg.me\/projects\/ecobus\/impresszum\/\" \/>\n<meta property=\"og:locale\" content=\"en_US\" \/>\n<meta property=\"og:type\" content=\"article\" \/>\n<meta property=\"og:title\" content=\"Impresszum - ecobus\" \/>\n<meta property=\"og:description\" content=\"[vc_row css=&#8221;.vc_custom_1714740968048{padding-top: 10% !important;}&#8221;][vc_column][vc_column_text] Impresszum &nbsp; &nbsp; Szolg\u00e1ltat\u00f3: ROB-ID Solution Kft.Nyilv\u00e1ntart\u00f3 szerv: F\u0151v\u00e1rosi T\u00f6rv\u00e9nysz\u00e9k C\u00e9gb\u00edr\u00f3s\u00e1gaAd\u00f3sz\u00e1m: 27491591-2-41C\u00e9gjegyz\u00e9ksz\u00e1m: 01-09-392272Szolg\u00e1ltat\u00f3 sz\u00e9khelye: 1033 Budapest, H\u00e9v\u00edzi \u00fat 9. 1. lh\u00e1z. 3. em. 4. ajt\u00f3Banksz\u00e1mla: 11742087-24280062-00000000Sz\u00e1mlavezet\u0151 bank: OTP Bank Nyrt.Szolg\u00e1ltat\u00f3i telefon: +36 70 677 3122Szolg\u00e1ltat\u00f3i e-mail: T\u00e1rhely szolg\u00e1ltat\u00f3 neve, sz\u00e9khelye: Rackhost Zrt 6722 Szeged Tisza Lajos k\u00f6r\u00fat 41. &nbsp; &nbsp; [\/vc_column_text][\/vc_column][\/vc_row]\" \/>\n<meta property=\"og:url\" content=\"https:\/\/gragg.me\/projects\/ecobus\/impresszum\/\" \/>\n<meta property=\"og:site_name\" content=\"ecobus\" \/>\n<meta property=\"article:publisher\" content=\"https:\/\/www.facebook.com\/ecobus.hu\" \/>\n<meta property=\"article:modified_time\" content=\"2024-08-12T11:47:56+00:00\" \/>\n<meta property=\"og:image\" content=\"https:\/\/gragg.me\/projects\/ecobus\/wp-content\/uploads\/2024\/04\/ecobus_og.png\" \/>\n\t<meta property=\"og:image:width\" content=\"1200\" \/>\n\t<meta property=\"og:image:height\" content=\"630\" \/>\n\t<meta property=\"og:image:type\" content=\"image\/png\" \/>\n<meta name=\"twitter:card\" content=\"summary_large_image\" \/>\n<meta name=\"twitter:label1\" content=\"Est. reading time\" \/>\n\t<meta name=\"twitter:data1\" content=\"1 minute\" \/>\n<script type=\"application\/ld+json\" class=\"yoast-schema-graph\">{\"@context\":\"https:\/\/schema.org\",\"@graph\":[{\"@type\":\"WebPage\",\"@id\":\"https:\/\/gragg.me\/projects\/ecobus\/impresszum\/\",\"url\":\"https:\/\/gragg.me\/projects\/ecobus\/impresszum\/\",\"name\":\"Impresszum - ecobus\",\"isPartOf\":{\"@id\":\"https:\/\/gragg.me\/projects\/ecobus\/#website\"},\"datePublished\":\"2024-08-12T11:47:18+00:00\",\"dateModified\":\"2024-08-12T11:47:56+00:00\",\"breadcrumb\":{\"@id\":\"https:\/\/gragg.me\/projects\/ecobus\/impresszum\/#breadcrumb\"},\"inLanguage\":\"en-US\",\"potentialAction\":[{\"@type\":\"ReadAction\",\"target\":[\"https:\/\/gragg.me\/projects\/ecobus\/impresszum\/\"]}]},{\"@type\":\"BreadcrumbList\",\"@id\":\"https:\/\/gragg.me\/projects\/ecobus\/impresszum\/#breadcrumb\",\"itemListElement\":[{\"@type\":\"ListItem\",\"position\":1,\"name\":\"Home\",\"item\":\"https:\/\/gragg.me\/projects\/ecobus\/\"},{\"@type\":\"ListItem\",\"position\":2,\"name\":\"Impresszum\"}]},{\"@type\":\"WebSite\",\"@id\":\"https:\/\/gragg.me\/projects\/ecobus\/#website\",\"url\":\"https:\/\/gragg.me\/projects\/ecobus\/\",\"name\":\"ecobus\",\"description\":\"Menetrend szerinti j\u00e1rat Dobog\u00f3k\u0151r\u0151l\",\"publisher\":{\"@id\":\"https:\/\/gragg.me\/projects\/ecobus\/#organization\"},\"alternateName\":\"ecobus\",\"potentialAction\":[{\"@type\":\"SearchAction\",\"target\":{\"@type\":\"EntryPoint\",\"urlTemplate\":\"https:\/\/gragg.me\/projects\/ecobus\/?s={search_term_string}\"},\"query-input\":{\"@type\":\"PropertyValueSpecification\",\"valueRequired\":true,\"valueName\":\"search_term_string\"}}],\"inLanguage\":\"en-US\"},{\"@type\":\"Organization\",\"@id\":\"https:\/\/gragg.me\/projects\/ecobus\/#organization\",\"name\":\"ecobus\",\"url\":\"https:\/\/gragg.me\/projects\/ecobus\/\",\"logo\":{\"@type\":\"ImageObject\",\"inLanguage\":\"en-US\",\"@id\":\"https:\/\/gragg.me\/projects\/ecobus\/#\/schema\/logo\/image\/\",\"url\":\"https:\/\/gragg.me\/projects\/ecobus\/wp-content\/uploads\/2023\/12\/ecobus_logo.svg\",\"contentUrl\":\"https:\/\/gragg.me\/projects\/ecobus\/wp-content\/uploads\/2023\/12\/ecobus_logo.svg\",\"width\":901,\"height\":241,\"caption\":\"ecobus\"},\"image\":{\"@id\":\"https:\/\/gragg.me\/projects\/ecobus\/#\/schema\/logo\/image\/\"},\"sameAs\":[\"https:\/\/www.facebook.com\/ecobus.hu\"]}]}<\/script>\n<!-- \/ Yoast SEO plugin. -->","yoast_head_json":{"title":"Impresszum - ecobus","robots":{"index":"index","follow":"follow","max-snippet":"max-snippet:-1","max-image-preview":"max-image-preview:large","max-video-preview":"max-video-preview:-1"},"canonical":"https:\/\/gragg.me\/projects\/ecobus\/impresszum\/","og_locale":"en_US","og_type":"article","og_title":"Impresszum - ecobus","og_description":"[vc_row css=&#8221;.vc_custom_1714740968048{padding-top: 10% !important;}&#8221;][vc_column][vc_column_text] Impresszum &nbsp; &nbsp; Szolg\u00e1ltat\u00f3: ROB-ID Solution Kft.Nyilv\u00e1ntart\u00f3 szerv: F\u0151v\u00e1rosi T\u00f6rv\u00e9nysz\u00e9k C\u00e9gb\u00edr\u00f3s\u00e1gaAd\u00f3sz\u00e1m: 27491591-2-41C\u00e9gjegyz\u00e9ksz\u00e1m: 01-09-392272Szolg\u00e1ltat\u00f3 sz\u00e9khelye: 1033 Budapest, H\u00e9v\u00edzi \u00fat 9. 1. lh\u00e1z. 3. em. 4. ajt\u00f3Banksz\u00e1mla: 11742087-24280062-00000000Sz\u00e1mlavezet\u0151 bank: OTP Bank Nyrt.Szolg\u00e1ltat\u00f3i telefon: +36 70 677 3122Szolg\u00e1ltat\u00f3i e-mail: T\u00e1rhely szolg\u00e1ltat\u00f3 neve, sz\u00e9khelye: Rackhost Zrt 6722 Szeged Tisza Lajos k\u00f6r\u00fat 41. &nbsp; &nbsp; [\/vc_column_text][\/vc_column][\/vc_row]","og_url":"https:\/\/gragg.me\/projects\/ecobus\/impresszum\/","og_site_name":"ecobus","article_publisher":"https:\/\/www.facebook.com\/ecobus.hu","article_modified_time":"2024-08-12T11:47:56+00:00","og_image":[{"width":1200,"height":630,"url":"https:\/\/gragg.me\/projects\/ecobus\/wp-content\/uploads\/2024\/04\/ecobus_og.png","type":"image\/png"}],"twitter_card":"summary_large_image","twitter_misc":{"Est. reading time":"1 minute"},"schema":{"@context":"https:\/\/schema.org","@graph":[{"@type":"WebPage","@id":"https:\/\/gragg.me\/projects\/ecobus\/impresszum\/","url":"https:\/\/gragg.me\/projects\/ecobus\/impresszum\/","name":"Impresszum - ecobus","isPartOf":{"@id":"https:\/\/gragg.me\/projects\/ecobus\/#website"},"datePublished":"2024-08-12T11:47:18+00:00","dateModified":"2024-08-12T11:47:56+00:00","breadcrumb":{"@id":"https:\/\/gragg.me\/projects\/ecobus\/impresszum\/#breadcrumb"},"inLanguage":"en-US","potentialAction":[{"@type":"ReadAction","target":["https:\/\/gragg.me\/projects\/ecobus\/impresszum\/"]}]},{"@type":"BreadcrumbList","@id":"https:\/\/gragg.me\/projects\/ecobus\/impresszum\/#breadcrumb","itemListElement":[{"@type":"ListItem","position":1,"name":"Home","item":"https:\/\/gragg.me\/projects\/ecobus\/"},{"@type":"ListItem","position":2,"name":"Impresszum"}]},{"@type":"WebSite","@id":"https:\/\/gragg.me\/projects\/ecobus\/#website","url":"https:\/\/gragg.me\/projects\/ecobus\/","name":"ecobus","description":"Menetrend szerinti j\u00e1rat Dobog\u00f3k\u0151r\u0151l","publisher":{"@id":"https:\/\/gragg.me\/projects\/ecobus\/#organization"},"alternateName":"ecobus","potentialAction":[{"@type":"SearchAction","target":{"@type":"EntryPoint","urlTemplate":"https:\/\/gragg.me\/projects\/ecobus\/?s={search_term_string}"},"query-input":{"@type":"PropertyValueSpecification","valueRequired":true,"valueName":"search_term_string"}}],"inLanguage":"en-US"},{"@type":"Organization","@id":"https:\/\/gragg.me\/projects\/ecobus\/#organization","name":"ecobus","url":"https:\/\/gragg.me\/projects\/ecobus\/","logo":{"@type":"ImageObject","inLanguage":"en-US","@id":"https:\/\/gragg.me\/projects\/ecobus\/#\/schema\/logo\/image\/","url":"https:\/\/gragg.me\/projects\/ecobus\/wp-content\/uploads\/2023\/12\/ecobus_logo.svg","contentUrl":"https:\/\/gragg.me\/projects\/ecobus\/wp-content\/uploads\/2023\/12\/ecobus_logo.svg","width":901,"height":241,"caption":"ecobus"},"image":{"@id":"https:\/\/gragg.me\/projects\/ecobus\/#\/schema\/logo\/image\/"},"sameAs":["https:\/\/www.facebook.com\/ecobus.hu"]}]}},"_links":{"self":[{"href":"https:\/\/gragg.me\/projects\/ecobus\/wp-json\/wp\/v2\/pages\/743","targetHints":{"allow":["GET"]}}],"collection":[{"href":"https:\/\/gragg.me\/projects\/ecobus\/wp-json\/wp\/v2\/pages"}],"about":[{"href":"https:\/\/gragg.me\/projects\/ecobus\/wp-json\/wp\/v2\/types\/page"}],"author":[{"embeddable":true,"href":"https:\/\/gragg.me\/projects\/ecobus\/wp-json\/wp\/v2\/users\/1"}],"replies":[{"embeddable":true,"href":"https:\/\/gragg.me\/projects\/ecobus\/wp-json\/wp\/v2\/comments?post=743"}],"version-history":[{"count":3,"href":"https:\/\/gragg.me\/projects\/ecobus\/wp-json\/wp\/v2\/pages\/743\/revisions"}],"predecessor-version":[{"id":747,"href":"https:\/\/gragg.me\/projects\/ecobus\/wp-json\/wp\/v2\/pages\/743\/revisions\/747"}],"wp:attachment":[{"href":"https:\/\/gragg.me\/projects\/ecobus\/wp-json\/wp\/v2\/media?parent=743"}],"curies":[{"name":"wp","href":"https:\/\/api.w.org\/{rel}","templated":true}]}}